{"id":15752,"date":"2020-11-19T05:01:06","date_gmt":"2020-11-19T05:01:06","guid":{"rendered":"https:\/\/hoanamenergy.com\/lien-he\/"},"modified":"2024-07-02T08:38:41","modified_gmt":"2024-07-02T01:38:41","slug":"contact","status":"publish","type":"page","link":"https:\/\/hoanamenergy.com\/en\/contact\/","title":{"rendered":"Contact"},"content":{"rendered":"<p>[vc_row type=&#8221;vc_default&#8221; full_width=&#8221;stretch_row&#8221; equal_height=&#8221;yes&#8221; margin_top=&#8221;75&#8243; margin_bottom=&#8221;-20&#8243; bg_type=&#8221;bg_color&#8221; css=&#8221;.vc_custom_1605971749121{padding-bottom: 80px !important;background-color: #ffffff !important;}&#8221; bg_color_value=&#8221;#ffffff&#8221;][vc_column css=&#8221;.vc_custom_1479032696835{padding-bottom: 40px !important;}&#8221; offset=&#8221;vc_col-lg-offset-1 vc_col-lg-10 vc_col-md-offset-0 vc_col-md-12 vc_col-sm-offset-0&#8243;][vc_row_inner equal_height=&#8221;yes&#8221;][vc_column_inner width=&#8221;1\/3&#8243; css=&#8221;.vc_custom_1479032888299{padding-bottom: 35px !important;}&#8221;]<div id=\"ultimate-heading-766669fd45b89028c\" class=\"uvc-heading ult-adjust-bottom-margin ultimate-heading-766669fd45b89028c uvc-4016 color-title accent-icon-color\" data-hspacer=\"icon_only\"  data-halign=\"center\" style=\"text-align:center\"><div class=\"uvc-heading-spacer icon_only\" style=\"margin-bottom:20px;\"><div class=\"ult-just-icon-wrapper  \"><div class=\"align-icon\" style=\"text-align:center;\">\n<div class=\"aio-icon none \"  style=\"font-size:48px;display:inline-block;\">\n\t<i class=\"icomoon-pixeden-stroke-32x32-map\"><\/i>\n<\/div><\/div><\/div><\/div><div class=\"uvc-main-heading ult-responsive\"  data-ultimate-target='.uvc-heading.ultimate-heading-766669fd45b89028c h2'  data-responsive-json-new='{\"font-size\":\"desktop:12px;\",\"line-height\":\"desktop:24px;\"}' ><h2 style=\"font-weight:normal;color:#adb0b6;margin-bottom:4px;\">Address<\/h2><\/div><div class=\"uvc-sub-heading ult-responsive\"  data-ultimate-target='.uvc-heading.ultimate-heading-766669fd45b89028c .uvc-sub-heading '  data-responsive-json-new='{\"font-size\":\"desktop:16px;\",\"line-height\":\"desktop:28px;\"}'  style=\"font-weight:bold;margin-bottom:0px;\">Office: 12th Floor, Keangnam Landmark, E6, Pham Hung Road, Me Tri Ward, Nam Tu Liem District, Ha Noi.<\/p>\n<p>Warehouse: 8, Go O Moi Street, Quarter 2, Phu Thuan Ward, District 7, Ho Chi Minh City.<\/div><\/div>[\/vc_column_inner][vc_column_inner width=&#8221;1\/3&#8243; css=&#8221;.vc_custom_1479032916919{padding-bottom: 35px !important;}&#8221;]<div id=\"ultimate-heading-708669fd45b8903a8\" class=\"uvc-heading ult-adjust-bottom-margin ultimate-heading-708669fd45b8903a8 uvc-420 color-title accent-icon-color\" data-hspacer=\"icon_only\"  data-halign=\"center\" style=\"text-align:center\"><div class=\"uvc-heading-spacer icon_only\" style=\"margin-bottom:20px;\"><div class=\"ult-just-icon-wrapper  \"><div class=\"align-icon\" style=\"text-align:center;\">\n<div class=\"aio-icon none \"  style=\"font-size:48px;display:inline-block;\">\n\t<i class=\"icomoon-pixeden-stroke-32x32-phone\"><\/i>\n<\/div><\/div><\/div><\/div><div class=\"uvc-main-heading ult-responsive\"  data-ultimate-target='.uvc-heading.ultimate-heading-708669fd45b8903a8 h2'  data-responsive-json-new='{\"font-size\":\"desktop:12px;\",\"line-height\":\"desktop:24px;\"}' ><h2 style=\"font-weight:normal;color:#adb0b6;margin-bottom:4px;\">Phone number, email<\/h2><\/div><div class=\"uvc-sub-heading ult-responsive\"  data-ultimate-target='.uvc-heading.ultimate-heading-708669fd45b8903a8 .uvc-sub-heading '  data-responsive-json-new='{\"font-size\":\"desktop:16px;\",\"line-height\":\"desktop:28px;\"}'  style=\"font-weight:bold;margin-bottom:0px;\">Hotline: 0246 292 8800<\/p>\n<p>Email: support@hoanamenergy.com<\/p>\n<p>Response time: within 1 hour<\/p>\n<p>&nbsp;<\/p>\n<p><strong>Sales Team<\/strong><\/p>\n<p>\u0110\u00e0o H\u00f9ng Anh (Team Leader)<\/p>\n<p>Mobile: 0988 648 657<\/p>\n<p>Email: ethan@hoanamenergy.com<\/p>\n<p>&nbsp;<\/p>\n<p>V\u00f5 Th\u1ecb Tr\u00e2m Anh<\/p>\n<p>Mobile: 0911 106 659<\/p>\n<p>Email: hana@hoanamenergy.com<\/p>\n<p>&nbsp;<\/p>\n<p>L\u00ea B\u00e1u<\/p>\n<p>Mobile: 0365 000 019<\/p>\n<p>Email: lebau@hoanamenergy.com<\/p>\n<p>&nbsp;<\/p>\n<p><strong>Technical Support and Service Team<\/strong><\/p>\n<p>Tr\u01b0\u01a1ng Xu\u00e2n L\u1ed9c (Team Leader)<\/p>\n<p>Mobile: 0982 113 859<\/p>\n<p>Email: truongloc@hoanamenergy.com<\/div><\/div>[\/vc_column_inner][vc_column_inner width=&#8221;1\/3&#8243; css=&#8221;.vc_custom_1479032922138{padding-bottom: 35px !important;}&#8221;]<div id=\"ultimate-heading-443169fd45b89048a\" class=\"uvc-heading ult-adjust-bottom-margin ultimate-heading-443169fd45b89048a uvc-6116 color-title accent-icon-color\" data-hspacer=\"icon_only\"  data-halign=\"center\" style=\"text-align:center\"><div class=\"uvc-heading-spacer icon_only\" style=\"margin-bottom:20px;\"><div class=\"ult-just-icon-wrapper  \"><div class=\"align-icon\" style=\"text-align:center;\">\n<div class=\"aio-icon none \"  style=\"font-size:48px;display:inline-block;\">\n\t<i class=\"icomoon-pixeden-stroke-32x32-timer\"><\/i>\n<\/div><\/div><\/div><\/div><div class=\"uvc-main-heading ult-responsive\"  data-ultimate-target='.uvc-heading.ultimate-heading-443169fd45b89048a h2'  data-responsive-json-new='{\"font-size\":\"desktop:12px;\",\"line-height\":\"desktop:24px;\"}' ><h2 style=\"font-weight:normal;color:#adb0b6;margin-bottom:4px;\">Trading time<\/h2><\/div><div class=\"uvc-sub-heading ult-responsive\"  data-ultimate-target='.uvc-heading.ultimate-heading-443169fd45b89048a .uvc-sub-heading '  data-responsive-json-new='{\"font-size\":\"desktop:16px;\",\"line-height\":\"desktop:28px;\"}'  style=\"font-weight:bold;margin-bottom:0px;\">Monday \u2013 Friday: 08h00 \u2013 17h30<\/p>\n<p>Weekend and Public Holidays : Closed<\/div><\/div>[\/vc_column_inner][\/vc_row_inner][\/vc_column][vc_column offset=&#8221;vc_col-lg-offset-2 vc_col-lg-8 vc_col-md-offset-1 vc_col-md-11 vc_col-sm-offset-0&#8243;]<div id=\"ultimate-heading-925969fd45b8904c9\" class=\"uvc-heading ult-adjust-bottom-margin ultimate-heading-925969fd45b8904c9 uvc-3519 \" data-hspacer=\"no_spacer\"  data-halign=\"center\" style=\"text-align:center\"><div class=\"uvc-heading-spacer no_spacer\" style=\"top\"><\/div><div class=\"uvc-main-heading ult-responsive\"  data-ultimate-target='.uvc-heading.ultimate-heading-925969fd45b8904c9 h2'  data-responsive-json-new='{\"font-size\":\"desktop:32px;\",\"line-height\":\"desktop:42px;\"}' ><h2 style=\"font-weight:normal;margin-bottom:25px;\">Information enquiry<\/h2><\/div><\/div>[vc_column_text css=&#8221;.vc_custom_1607048586186{padding-bottom: 40px !important;}&#8221;]<\/p>\n<p style=\"text-align: center;\">Consulting all solutions on engineering, installation, operation, quotation and construction of solar power system<\/p>\n<p>[\/vc_column_text]<form class=\"dt-contact-form dt-form\" method=\"post\"><input type=\"hidden\" name=\"widget_id\" value=\"presscore-contact-form-widget--1\" \/><input type=\"hidden\" name=\"send_message\" value=\"\" \/><input type=\"hidden\" name=\"security_token\" value=\"40dd333a3d6cbc48e993\"\/><div class=\"form-fields\"><span class=\"form-name\"><label class=\"assistive-text\">Name *<\/label><input type=\"text\" class=\"validate[required]\" placeholder=\"Name *\" name=\"name\" value=\"\" aria-required=\"true\">\n<\/span><span class=\"form-mail\"><label class=\"assistive-text\">E-mail *<\/label><input type=\"text\" class=\"validate[required,custom[email]]\" placeholder=\"E-mail *\" name=\"email\" value=\"\" aria-required=\"true\">\n<\/span><span class=\"form-telephone\"><label class=\"assistive-text\">Telephone<\/label><input type=\"text\" placeholder=\"Telephone\" name=\"telephone\" value=\"\" aria-required=\"false\">\n<\/span><\/div><span class=\"form-message\"><label class=\"assistive-text\">Message *<\/label><textarea class=\"validate[required]\" placeholder=\"Message *\" name=\"message\" rows=\"6\" aria-required=\"true\"><\/textarea>\n<\/span><p><a href=\"#\" class=\"dt-btn dt-btn-m dt-btn-submit\" rel=\"nofollow\"><span>Send Message<\/span><\/a><input class=\"assistive-text\" type=\"submit\" value=\"submit\"><\/p><\/form>\n[\/vc_column][\/vc_row]<\/p>\n","protected":false},"excerpt":{"rendered":"<p>[vc_row type=&#8221;vc_default&#8221; full_width=&#8221;stretch_row&#8221; equal_height=&#8221;yes&#8221; margin_top=&#8221;75&#8243; margin_bottom=&#8221;-20&#8243; bg_type=&#8221;bg_color&#8221; css=&#8221;.vc_custom_1605971749121{padding-bottom: 80px !important;background-color: #ffffff !important;}&#8221; bg_color_value=&#8221;#ffffff&#8221;][vc_column css=&#8221;.vc_custom_1479032696835{padding-bottom: 40px !important;}&#8221; offset=&#8221;vc_col-lg-offset-1 vc_col-lg-10 vc_col-md-offset-0 vc_col-md-12 vc_col-sm-offset-0&#8243;][vc_row_inner equal_height=&#8221;yes&#8221;][vc_column_inner width=&#8221;1\/3&#8243; css=&#8221;.vc_custom_1479032888299{padding-bottom: 35px !important;}&#8221;][\/vc_column_inner][vc_column_inner width=&#8221;1\/3&#8243; css=&#8221;.vc_custom_1479032916919{padding-bottom: 35px !important;}&#8221;][\/vc_column_inner][vc_column_inner width=&#8221;1\/3&#8243; css=&#8221;.vc_custom_1479032922138{padding-bottom: 35px !important;}&#8221;][\/vc_column_inner][\/vc_row_inner][\/vc_column][vc_column offset=&#8221;vc_col-lg-offset-2 vc_col-lg-8 vc_col-md-offset-1 vc_col-md-11 vc_col-sm-offset-0&#8243;][vc_column_text css=&#8221;.vc_custom_1607048586186{padding-bottom: 40px !important;}&#8221;] Consulting all solutions on engineering, installation, operation, quotation and construction of solar power&hellip;<\/p>\n","protected":false},"author":1,"featured_media":0,"parent":0,"menu_order":0,"comment_status":"closed","ping_status":"closed","template":"","meta":[],"class_list":["post-15752","page","type-page","status-publish","hentry","description-off"],"yoast_head":"<!-- This site is optimized with the Yoast SEO plugin v23.8 - https:\/\/yoast.com\/wordpress\/plugins\/seo\/ -->\n<title>Contact - hoanamenergy.com<\/title>\n<meta name=\"robots\" content=\"index, follow, max-snippet:-1, max-image-preview:large, max-video-preview:-1\" \/>\n<link rel=\"canonical\" href=\"https:\/\/hoanamenergy.com\/en\/lien-he\/\" \/>\n<meta property=\"og:locale\" content=\"en_US\" \/>\n<meta property=\"og:type\" content=\"article\" \/>\n<meta property=\"og:title\" content=\"Contact - hoanamenergy.com\" \/>\n<meta property=\"og:description\" content=\"[vc_row type=&#8221;vc_default&#8221; full_width=&#8221;stretch_row&#8221; equal_height=&#8221;yes&#8221; margin_top=&#8221;75&#8243; margin_bottom=&#8221;-20&#8243; bg_type=&#8221;bg_color&#8221; css=&#8221;.vc_custom_1605971749121{padding-bottom: 80px !important;background-color: #ffffff !important;}&#8221; bg_color_value=&#8221;#ffffff&#8221;][vc_column css=&#8221;.vc_custom_1479032696835{padding-bottom: 40px !important;}&#8221; offset=&#8221;vc_col-lg-offset-1 vc_col-lg-10 vc_col-md-offset-0 vc_col-md-12 vc_col-sm-offset-0&#8243;][vc_row_inner equal_height=&#8221;yes&#8221;][vc_column_inner width=&#8221;1\/3&#8243; css=&#8221;.vc_custom_1479032888299{padding-bottom: 35px !important;}&#8221;][\/vc_column_inner][vc_column_inner width=&#8221;1\/3&#8243; css=&#8221;.vc_custom_1479032916919{padding-bottom: 35px !important;}&#8221;][\/vc_column_inner][vc_column_inner width=&#8221;1\/3&#8243; css=&#8221;.vc_custom_1479032922138{padding-bottom: 35px !important;}&#8221;][\/vc_column_inner][\/vc_row_inner][\/vc_column][vc_column offset=&#8221;vc_col-lg-offset-2 vc_col-lg-8 vc_col-md-offset-1 vc_col-md-11 vc_col-sm-offset-0&#8243;][vc_column_text css=&#8221;.vc_custom_1607048586186{padding-bottom: 40px !important;}&#8221;] Consulting all solutions on engineering, installation, operation, quotation and construction of solar power&hellip;\" \/>\n<meta property=\"og:url\" content=\"https:\/\/hoanamenergy.com\/lien-he\/\" \/>\n<meta property=\"og:site_name\" content=\"hoanamenergy.com\" \/>\n<meta property=\"article:modified_time\" content=\"2024-07-02T01:38:41+00:00\" \/>\n<meta name=\"twitter:card\" content=\"summary_large_image\" \/>\n<meta name=\"twitter:label1\" content=\"Est. reading time\" \/>\n\t<meta name=\"twitter:data1\" content=\"3 minutes\" \/>\n<script type=\"application\/ld+json\" class=\"yoast-schema-graph\">{\"@context\":\"https:\/\/schema.org\",\"@graph\":[{\"@type\":\"WebPage\",\"@id\":\"https:\/\/hoanamenergy.com\/lien-he\/\",\"url\":\"https:\/\/hoanamenergy.com\/lien-he\/\",\"name\":\"Contact - hoanamenergy.com\",\"isPartOf\":{\"@id\":\"https:\/\/hoanamenergy.com\/#website\"},\"datePublished\":\"2020-11-19T05:01:06+00:00\",\"dateModified\":\"2024-07-02T01:38:41+00:00\",\"breadcrumb\":{\"@id\":\"https:\/\/hoanamenergy.com\/lien-he\/#breadcrumb\"},\"inLanguage\":\"en-US\",\"potentialAction\":[{\"@type\":\"ReadAction\",\"target\":[\"https:\/\/hoanamenergy.com\/lien-he\/\"]}]},{\"@type\":\"BreadcrumbList\",\"@id\":\"https:\/\/hoanamenergy.com\/lien-he\/#breadcrumb\",\"itemListElement\":[{\"@type\":\"ListItem\",\"position\":1,\"name\":\"Home\",\"item\":\"https:\/\/hoanamenergy.com\/\"},{\"@type\":\"ListItem\",\"position\":2,\"name\":\"Contact\"}]},{\"@type\":\"WebSite\",\"@id\":\"https:\/\/hoanamenergy.com\/#website\",\"url\":\"https:\/\/hoanamenergy.com\/\",\"name\":\"hoanamenergy.com\",\"description\":\"\",\"potentialAction\":[{\"@type\":\"SearchAction\",\"target\":{\"@type\":\"EntryPoint\",\"urlTemplate\":\"https:\/\/hoanamenergy.com\/?s={search_term_string}\"},\"query-input\":{\"@type\":\"PropertyValueSpecification\",\"valueRequired\":true,\"valueName\":\"search_term_string\"}}],\"inLanguage\":\"en-US\"}]}<\/script>\n<!-- \/ Yoast SEO plugin. -->","yoast_head_json":{"title":"Contact - hoanamenergy.com","robots":{"index":"index","follow":"follow","max-snippet":"max-snippet:-1","max-image-preview":"max-image-preview:large","max-video-preview":"max-video-preview:-1"},"canonical":"https:\/\/hoanamenergy.com\/en\/lien-he\/","og_locale":"en_US","og_type":"article","og_title":"Contact - hoanamenergy.com","og_description":"[vc_row type=&#8221;vc_default&#8221; full_width=&#8221;stretch_row&#8221; equal_height=&#8221;yes&#8221; margin_top=&#8221;75&#8243; margin_bottom=&#8221;-20&#8243; bg_type=&#8221;bg_color&#8221; css=&#8221;.vc_custom_1605971749121{padding-bottom: 80px !important;background-color: #ffffff !important;}&#8221; bg_color_value=&#8221;#ffffff&#8221;][vc_column css=&#8221;.vc_custom_1479032696835{padding-bottom: 40px !important;}&#8221; offset=&#8221;vc_col-lg-offset-1 vc_col-lg-10 vc_col-md-offset-0 vc_col-md-12 vc_col-sm-offset-0&#8243;][vc_row_inner equal_height=&#8221;yes&#8221;][vc_column_inner width=&#8221;1\/3&#8243; css=&#8221;.vc_custom_1479032888299{padding-bottom: 35px !important;}&#8221;][\/vc_column_inner][vc_column_inner width=&#8221;1\/3&#8243; css=&#8221;.vc_custom_1479032916919{padding-bottom: 35px !important;}&#8221;][\/vc_column_inner][vc_column_inner width=&#8221;1\/3&#8243; css=&#8221;.vc_custom_1479032922138{padding-bottom: 35px !important;}&#8221;][\/vc_column_inner][\/vc_row_inner][\/vc_column][vc_column offset=&#8221;vc_col-lg-offset-2 vc_col-lg-8 vc_col-md-offset-1 vc_col-md-11 vc_col-sm-offset-0&#8243;][vc_column_text css=&#8221;.vc_custom_1607048586186{padding-bottom: 40px !important;}&#8221;] Consulting all solutions on engineering, installation, operation, quotation and construction of solar power&hellip;","og_url":"https:\/\/hoanamenergy.com\/lien-he\/","og_site_name":"hoanamenergy.com","article_modified_time":"2024-07-02T01:38:41+00:00","twitter_card":"summary_large_image","twitter_misc":{"Est. reading time":"3 minutes"},"schema":{"@context":"https:\/\/schema.org","@graph":[{"@type":"WebPage","@id":"https:\/\/hoanamenergy.com\/lien-he\/","url":"https:\/\/hoanamenergy.com\/lien-he\/","name":"Contact - hoanamenergy.com","isPartOf":{"@id":"https:\/\/hoanamenergy.com\/#website"},"datePublished":"2020-11-19T05:01:06+00:00","dateModified":"2024-07-02T01:38:41+00:00","breadcrumb":{"@id":"https:\/\/hoanamenergy.com\/lien-he\/#breadcrumb"},"inLanguage":"en-US","potentialAction":[{"@type":"ReadAction","target":["https:\/\/hoanamenergy.com\/lien-he\/"]}]},{"@type":"BreadcrumbList","@id":"https:\/\/hoanamenergy.com\/lien-he\/#breadcrumb","itemListElement":[{"@type":"ListItem","position":1,"name":"Home","item":"https:\/\/hoanamenergy.com\/"},{"@type":"ListItem","position":2,"name":"Contact"}]},{"@type":"WebSite","@id":"https:\/\/hoanamenergy.com\/#website","url":"https:\/\/hoanamenergy.com\/","name":"hoanamenergy.com","description":"","potentialAction":[{"@type":"SearchAction","target":{"@type":"EntryPoint","urlTemplate":"https:\/\/hoanamenergy.com\/?s={search_term_string}"},"query-input":{"@type":"PropertyValueSpecification","valueRequired":true,"valueName":"search_term_string"}}],"inLanguage":"en-US"}]}},"_links":{"self":[{"href":"https:\/\/hoanamenergy.com\/en\/wp-json\/wp\/v2\/pages\/15752","targetHints":{"allow":["GET"]}}],"collection":[{"href":"https:\/\/hoanamenergy.com\/en\/wp-json\/wp\/v2\/pages"}],"about":[{"href":"https:\/\/hoanamenergy.com\/en\/wp-json\/wp\/v2\/types\/page"}],"author":[{"embeddable":true,"href":"https:\/\/hoanamenergy.com\/en\/wp-json\/wp\/v2\/users\/1"}],"replies":[{"embeddable":true,"href":"https:\/\/hoanamenergy.com\/en\/wp-json\/wp\/v2\/comments?post=15752"}],"version-history":[{"count":15,"href":"https:\/\/hoanamenergy.com\/en\/wp-json\/wp\/v2\/pages\/15752\/revisions"}],"predecessor-version":[{"id":18149,"href":"https:\/\/hoanamenergy.com\/en\/wp-json\/wp\/v2\/pages\/15752\/revisions\/18149"}],"wp:attachment":[{"href":"https:\/\/hoanamenergy.com\/en\/wp-json\/wp\/v2\/media?parent=15752"}],"curies":[{"name":"wp","href":"https:\/\/api.w.org\/{rel}","templated":true}]}}